{"id":332,"date":"2024-07-30T08:17:34","date_gmt":"2024-07-30T06:17:34","guid":{"rendered":"https:\/\/aura-hotel.hu\/?page_id=332"},"modified":"2024-08-02T16:00:21","modified_gmt":"2024-08-02T14:00:21","slug":"elementor-332","status":"publish","type":"page","link":"https:\/\/aura-hotel.hu\/en\/elementor-332\/","title":{"rendered":"Legal Disclaimer"},"content":{"rendered":"<style>.elementor-332 .elementor-element.elementor-element-08d8e9b{--display:flex;--margin-top:55px;--margin-bottom:0px;--margin-left:0px;--margin-right:0px;}.elementor-332 .elementor-element.elementor-element-08d8e9b:not(.elementor-motion-effects-element-type-background), .elementor-332 .elementor-element.elementor-element-08d8e9b > .elementor-motion-effects-container > .elementor-motion-effects-layer{background-color:#FFFFFF;}.elementor-332 .elementor-element.elementor-element-154aa90{text-align:center;}.elementor-332 .elementor-element.elementor-element-0d36e02{text-align:center;color:#FFFFFF;}.elementor-332 .elementor-element.elementor-element-0d36e02 > .elementor-widget-container{margin:0px 0px 0px 0px;}@media(min-width:768px){.elementor-332 .elementor-element.elementor-element-08d8e9b{--content-width:1600px;}}<\/style>\t\t<div data-elementor-type=\"wp-page\" data-elementor-id=\"332\" class=\"elementor elementor-332\" data-elementor-post-type=\"page\">\n\t\t\t\t<div class=\"elementor-element elementor-element-08d8e9b e-flex e-con-boxed e-con e-parent\" data-id=\"08d8e9b\" data-element_type=\"container\" data-e-type=\"container\" data-settings=\"{&quot;background_background&quot;:&quot;classic&quot;}\">\n\t\t\t\t\t<div class=\"e-con-inner\">\n\t\t\t\t<div class=\"elementor-element elementor-element-a3f71e9 elementor-widget elementor-widget-html\" data-id=\"a3f71e9\" data-element_type=\"widget\" data-e-type=\"widget\" data-widget_type=\"html.default\">\n\t\t\t\t<div class=\"elementor-widget-container\">\n\t\t\t\t\t<script src=\"https:\/\/nethotelbooking.net\/embed.RESnWEB.js?id=X3ONR\"><\/script>\t\t\t\t<\/div>\n\t\t\t\t<\/div>\n\t\t\t\t<div class=\"elementor-element elementor-element-0d36e02 elementor-widget elementor-widget-text-editor\" data-id=\"0d36e02\" data-element_type=\"widget\" data-e-type=\"widget\" data-widget_type=\"text-editor.default\">\n\t\t\t\t<div class=\"elementor-widget-container\">\n\t\t\t\t\t\t\t\t\t<h5 class=\"lead\"><strong>Legal Disclaimer<\/strong><\/h5><h5><strong>1. Szerz\u0151i jogok<\/strong><br \/><br \/><strong>A Hotel &amp; More AURA Kft. (1022 Budapest, Fill\u00e9r utca 84\/a, Ad\u00f3sz\u00e1m: 27184202-2-41). \u2013 Hotel Budapest honlapja, a www.hotel-budapest.hu szerz\u0151i jogv\u00e9delem alatt \u00e1ll.<\/strong><br \/><br \/><strong>A Hotel &amp; More AURA Kft. honlapj\u00e1n tal\u00e1lhat\u00f3 sz\u00f6veges r\u00e9szek, k\u00e9pek, grafik\u00e1k, anim\u00e1ci\u00f3k \u00e9s hang f\u00e1jlok, valamint k\u00f6rnyezet\u00fck \u00e9s a honlapon tal\u00e1lhat\u00f3 egy\u00e9b szellemi alkot\u00e1sok jogilag v\u00e9dettek, \u00e9s azok a szellemi alkot\u00e1sokra vonatkoz\u00f3 jogszab\u00e1lyokban biztos\u00edtott v\u00e9delmet \u00e9lvezik. Ezen alkot\u00e1sokat a Hotel &amp; More AURA Kft. el\u0151zetes \u00edr\u00e1sos enged\u00e9lye n\u00e9lk\u00fcl \u2013 nem lehet felhaszn\u00e1lni, illetve m\u00e1s honlapon nem lehet megjelen\u00edteni.<\/strong><br \/><br \/><strong>Kiv\u00e9telt k\u00e9peznek azon k\u00e9pek, amelyeket a Hotel &amp; More AURA Kft. jogd\u00edjmenetesnek (Copyright free) t\u00fcntet fel. A Hotel &amp; More AURA Kft. internetes megjelen\u00e9s\u00e9nek bizonyos oldalai tartalmazhatnak olyan k\u00e9pi, grafikai vagy egy\u00e9b m\u00e1s elemeket, melyek tulajdonosaik \u00e1ltal jogilag v\u00e9dettek, \u00edgy a jogs\u00e9rt\u00e9s elker\u00fcl\u00e9se \u00e9rdek\u00e9ben a felhaszn\u00e1l\u00f3knak javasoljuk, hogy tart\u00f3zkodjanak azok illet\u00e9ktelen felhaszn\u00e1l\u00e1s\u00e1t\u00f3l.<\/strong><br \/><br \/><strong>2. A felhaszn\u00e1l\u00f3 jogai<\/strong><br \/><br \/><strong>A felhaszn\u00e1l\u00f3 t\u00e1j\u00e9koztat\u00e1st k\u00e9rhet szem\u00e9lyes adatai kezel\u00e9s\u00e9r\u0151l, valamint k\u00e9rheti szem\u00e9lyes adatainak helyesb\u00edt\u00e9s\u00e9t, illetve \u2013 a jogszab\u00e1lyban elrendelt adatkezel\u00e9sek kiv\u00e9tel\u00e9vel \u2013 t\u00f6rl\u00e9s\u00e9t.<\/strong><br \/><br \/><strong>A felhaszn\u00e1l\u00f3 k\u00e9relm\u00e9re az Adatkezel\u0151 t\u00e1j\u00e9koztat\u00e1st ad az \u00e1ltala kezelt, illetve \u00e1ltala feldolgozott adatair\u00f3l, az adatkezel\u00e9s c\u00e9lj\u00e1r\u00f3l, jogalapj\u00e1r\u00f3l id\u0151tartam\u00e1r\u00f3l, az Adatkezel\u0151 nev\u00e9r\u0151l, c\u00edm\u00e9r\u0151l (sz\u00e9khely\u00e9r\u0151l) \u00e9s az adatkezel\u00e9ssel \u00f6sszef\u00fcgg\u0151 tev\u00e9kenys\u00e9g\u00e9r\u0151l, tov\u00e1bb\u00e1 arr\u00f3l, hogy kik \u00e9s milyen c\u00e9lb\u00f3l kapj\u00e1k vagy kapt\u00e1k meg az adatokat.<\/strong><br \/><br \/><strong>A felhaszn\u00e1l\u00f3 tiltakozhat szem\u00e9lyes adat\u00e1nak kezel\u00e9se ellen, ha<\/strong><br \/><strong>\u2022 a szem\u00e9lyes adatok kezel\u00e9se (tov\u00e1bb\u00edt\u00e1sa) kiz\u00e1r\u00f3lag az adatkezel\u0151 vagy az adat\u00e1tvev\u0151 jog\u00e1nak vagy jogos \u00e9rdek\u00e9nek \u00e9rv\u00e9nyes\u00edt\u00e9s\u00e9hez sz\u00fcks\u00e9ges,<\/strong><br \/><strong>\u2022 a szem\u00e9lyes adat felhaszn\u00e1l\u00e1sa vagy tov\u00e1bb\u00edt\u00e1sa k\u00f6zvetlen \u00fczletszerz\u00e9s, k\u00f6zv\u00e9lem\u00e9ny-kutat\u00e1s vagy tudom\u00e1nyos kutat\u00e1s c\u00e9lj\u00e1ra t\u00f6rt\u00e9nik;<\/strong><br \/><strong>\u2022 a tiltakoz\u00e1s jog\u00e1nak gyakorl\u00e1s\u00e1t egy\u00e9bk\u00e9nt t\u00f6rv\u00e9ny lehet\u0151v\u00e9 teszi.<\/strong><br \/><br \/><strong>Az Adatkezel\u0151 \u2013 az adatkezel\u00e9s egyidej\u0171 felf\u00fcggeszt\u00e9s\u00e9vel \u2013 a tiltakoz\u00e1st k\u00f6teles a k\u00e9relem beny\u00fajt\u00e1s\u00e1t\u00f3l sz\u00e1m\u00edtott legr\u00f6videbb id\u0151n bel\u00fcl, de legfeljebb 15 nap alatt megvizsg\u00e1lni, \u00e9s annak eredm\u00e9ny\u00e9r\u0151l a k\u00e9relmez\u0151t \u00edr\u00e1sban t\u00e1j\u00e9koztatni.<\/strong><br \/><br \/><strong>3. A felhaszn\u00e1l\u00f3 jogorvoslati lehet\u0151s\u00e9gei<\/strong><br \/><br \/><strong>A felhaszn\u00e1l\u00f3 jogainak megs\u00e9rt\u00e9se eset\u00e9n az Adatkezel\u0151 ellen b\u00edr\u00f3s\u00e1ghoz fordulhat.<\/strong><br \/><br \/><strong>Amennyiben a felhaszn\u00e1l\u00f3 az Adatkezel\u0151nek a felhaszn\u00e1l\u00f3 tiltakoz\u00e1s\u00e1val kapcsolatos d\u00f6nt\u00e9s\u00e9vel nem \u00e9rt egyet, az ellen \u2013 annak k\u00f6zl\u00e9s\u00e9t\u0151l sz\u00e1m\u00edtott 30 napon bel\u00fcl a felhaszn\u00e1l\u00f3 ugyancsak b\u00edr\u00f3s\u00e1ghoz fordulhat.<\/strong><br \/><br \/><strong>Az Adatkezel\u0151 a felhaszn\u00e1l\u00f3 adatainak jogellenes kezel\u00e9s\u00e9vel vagy a technikai adatv\u00e9delem k\u00f6vetelm\u00e9nyeinek megszeg\u00e9s\u00e9vel m\u00e1snak okozott k\u00e1rt k\u00f6teles megt\u00e9r\u00edteni.<\/strong><br \/><br \/><strong>Felh\u00edvjuk sz\u00edves figyelm\u00e9t, hogy a Hotel &amp; More AURA Kft. honlapj\u00e1n t\u00f6rt\u00e9n\u0151 regisztr\u00e1ci\u00f3val egyidej\u0171leg \u00d6n tudom\u00e1sul veszi a szem\u00e9lyes adatok v\u00e9delm\u00e9r\u0151l \u00e9s felhaszn\u00e1l\u00e1s\u00e1r\u00f3l sz\u00f3l\u00f3 nyilatkozatunkban foglaltakat, \u00e9s hozz\u00e1j\u00e1rul szem\u00e9lyes adatainak a jelen nyilatkozatban szerepl\u0151 m\u00f3don t\u00f6rt\u00e9n\u0151 kezel\u00e9s\u00e9hez, illetve feldolgoz\u00e1s\u00e1hoz.<\/strong><\/h5>\t\t\t\t\t\t\t\t<\/div>\n\t\t\t\t<\/div>\n\t\t\t\t\t<\/div>\n\t\t\t\t<\/div>\n\t\t\t\t<\/div>","protected":false},"excerpt":{"rendered":"<p>Jogi nyilatkozat 1. Szerz\u0151i jogok A Hotel &amp; More AURA Kft. (1022 Budapest, Fill\u00e9r utca 84\/a, Ad\u00f3sz\u00e1m: 27184202-2-41). \u2013 Hotel Budapest honlapja, a www.hotel-budapest.hu szerz\u0151i jogv\u00e9delem alatt \u00e1ll. A Hotel &amp; More AURA Kft. honlapj\u00e1n tal\u00e1lhat\u00f3 sz\u00f6veges r\u00e9szek, k\u00e9pek, grafik\u00e1k, anim\u00e1ci\u00f3k \u00e9s hang f\u00e1jlok, valamint k\u00f6rnyezet\u00fck \u00e9s a honlapon tal\u00e1lhat\u00f3 egy\u00e9b szellemi alkot\u00e1sok jogilag v\u00e9dettek, [&hellip;]<\/p>\n","protected":false},"author":1,"featured_media":0,"parent":0,"menu_order":0,"comment_status":"closed","ping_status":"closed","template":"elementor_header_footer","meta":{"footnotes":""},"class_list":["post-332","page","type-page","status-publish","hentry"],"_links":{"self":[{"href":"https:\/\/aura-hotel.hu\/en\/wp-json\/wp\/v2\/pages\/332","targetHints":{"allow":["GET"]}}],"collection":[{"href":"https:\/\/aura-hotel.hu\/en\/wp-json\/wp\/v2\/pages"}],"about":[{"href":"https:\/\/aura-hotel.hu\/en\/wp-json\/wp\/v2\/types\/page"}],"author":[{"embeddable":true,"href":"https:\/\/aura-hotel.hu\/en\/wp-json\/wp\/v2\/users\/1"}],"replies":[{"embeddable":true,"href":"https:\/\/aura-hotel.hu\/en\/wp-json\/wp\/v2\/comments?post=332"}],"version-history":[{"count":16,"href":"https:\/\/aura-hotel.hu\/en\/wp-json\/wp\/v2\/pages\/332\/revisions"}],"predecessor-version":[{"id":957,"href":"https:\/\/aura-hotel.hu\/en\/wp-json\/wp\/v2\/pages\/332\/revisions\/957"}],"wp:attachment":[{"href":"https:\/\/aura-hotel.hu\/en\/wp-json\/wp\/v2\/media?parent=332"}],"curies":[{"name":"wp","href":"https:\/\/api.w.org\/{rel}","templated":true}]}}